{"id":194,"date":"2023-01-09T20:46:01","date_gmt":"2023-01-09T19:46:01","guid":{"rendered":"https:\/\/freierwohnraum.de\/vermietung\/?page_id=194"},"modified":"2023-01-11T11:53:03","modified_gmt":"2023-01-11T10:53:03","slug":"wohnung-i-juechen-bedburdyck","status":"publish","type":"page","link":"https:\/\/freierwohnraum.de\/vermietung\/unsere-wohneinheiten\/wohnung-i-juechen-bedburdyck\/","title":{"rendered":"Wohnung I: J\u00fcchen &#8211; Bedburdyck"},"content":{"rendered":"\n<p>Ich vermiete in J\u00fcchen-Bedburdyck eine voll&nbsp; m\u00f6blierte Wohnung.<\/p>\n\n\n\n<h2 class=\"wp-block-heading\">Ausstattung<\/h2>\n\n\n\n<ul class=\"wp-block-list\">\n<li>2&nbsp; Doppelzimmer<\/li>\n\n\n\n<li>1 Badezimmer<\/li>\n\n\n\n<li>1 Wohnzimmer mit Essecke<\/li>\n\n\n\n<li>1 voll ausgestattete K\u00fcche<\/li>\n\n\n\n<li>Garten<\/li>\n<\/ul>\n\n\n\n<p>Die M\u00f6glichkeit die W\u00e4sche zu waschen und zu trocknen ist vorhanden.<\/p>\n\n\n\n<p>Alle Zimmer verf\u00fcgen \u00fcber einen Fernseher sowie kabellosen Internetzugang (WLAN).<\/p>\n\n\n\n<p>Die gesamte Wohnung ist eine rauchfreie Wohnung.<\/p>\n\n\n\n<h2 class=\"wp-block-heading\">Entfernungen<\/h2>\n\n\n\n<p>Bis zur Autobahn (A46) sind es 3 Minuten.<br>Industriegebiet J\u00fcchen (3M, POLO usw. ca. 3 km)<br>Die Messe in D\u00fcsseldorf ist \u00fcber die Autobahn zu erreichen<br>Kraftwerke Grevenbroich-Garzweiler, -Frimmersdorf, -Neurath und Bergheim-Niederau\u00dfem (ca. 8 km bis 19 km)<br>Orte wie J\u00fcchen, Grevenbroich, Neuss, M\u00f6nchengladbach, Korschenbroich, D\u00fcsseldorf zwischen 10 und 30 Minuten erreichbar<br>Bushaltestelle in direkter N\u00e4he. (ca. 150 m)<br>Einkaufsm\u00f6glichkeiten sind in ca. 800 m erreichbar (Kaufland, Netto, Aldi, Imbiss, Kiosk und Post)<br>In ca. 5 km Entfernung Lidl, REWE<\/p>\n\n\n\n<hr class=\"wp-block-separator has-alpha-channel-opacity is-style-dots\"\/>\n\n\n\n<figure class=\"wp-block-gallery has-nested-images columns-default is-cropped wp-block-gallery-1 is-layout-flex wp-block-gallery-is-layout-flex\">\n<figure class=\"wp-block-image size-large\"><img loading=\"lazy\" decoding=\"async\" width=\"1024\" height=\"666\" data-id=\"238\" src=\"https:\/\/freierwohnraum.de\/vermietung\/wp-content\/uploads\/Bedburdyck-Wohnung-Doppelzimmer-04-e1673294195830-1024x666.jpg\" alt=\"\" class=\"wp-image-238\" srcset=\"https:\/\/freierwohnraum.de\/vermietung\/wp-content\/uploads\/Bedburdyck-Wohnung-Doppelzimmer-04-e1673294195830-1024x666.jpg 1024w, https:\/\/freierwohnraum.de\/vermietung\/wp-content\/uploads\/Bedburdyck-Wohnung-Doppelzimmer-04-e1673294195830-300x195.jpg 300w, https:\/\/freierwohnraum.de\/vermietung\/wp-content\/uploads\/Bedburdyck-Wohnung-Doppelzimmer-04-e1673294195830-768x499.jpg 768w, https:\/\/freierwohnraum.de\/vermietung\/wp-content\/uploads\/Bedburdyck-Wohnung-Doppelzimmer-04-e1673294195830.jpg 1200w\" sizes=\"auto, (max-width: 1024px) 100vw, 1024px\" \/><\/figure>\n\n\n\n<figure class=\"wp-block-image size-large\"><img loading=\"lazy\" decoding=\"async\" width=\"768\" height=\"1024\" data-id=\"218\" src=\"https:\/\/freierwohnraum.de\/vermietung\/wp-content\/uploads\/Bedburdyck-Wohnung-Wohnzimmer-02-768x1024.jpg\" alt=\"\" class=\"wp-image-218\" srcset=\"https:\/\/freierwohnraum.de\/vermietung\/wp-content\/uploads\/Bedburdyck-Wohnung-Wohnzimmer-02-768x1024.jpg 768w, https:\/\/freierwohnraum.de\/vermietung\/wp-content\/uploads\/Bedburdyck-Wohnung-Wohnzimmer-02-225x300.jpg 225w, https:\/\/freierwohnraum.de\/vermietung\/wp-content\/uploads\/Bedburdyck-Wohnung-Wohnzimmer-02-1152x1536.jpg 1152w, https:\/\/freierwohnraum.de\/vermietung\/wp-content\/uploads\/Bedburdyck-Wohnung-Wohnzimmer-02.jpg 1200w\" sizes=\"auto, (max-width: 768px) 100vw, 768px\" \/><\/figure>\n\n\n\n<figure class=\"wp-block-image size-large\"><img loading=\"lazy\" decoding=\"async\" width=\"1024\" height=\"768\" data-id=\"217\" src=\"https:\/\/freierwohnraum.de\/vermietung\/wp-content\/uploads\/Bedburdyck-Wohnung-Kueche-01-1024x768.jpg\" alt=\"\" class=\"wp-image-217\" srcset=\"https:\/\/freierwohnraum.de\/vermietung\/wp-content\/uploads\/Bedburdyck-Wohnung-Kueche-01-1024x768.jpg 1024w, https:\/\/freierwohnraum.de\/vermietung\/wp-content\/uploads\/Bedburdyck-Wohnung-Kueche-01-300x225.jpg 300w, https:\/\/freierwohnraum.de\/vermietung\/wp-content\/uploads\/Bedburdyck-Wohnung-Kueche-01-768x576.jpg 768w, https:\/\/freierwohnraum.de\/vermietung\/wp-content\/uploads\/Bedburdyck-Wohnung-Kueche-01-1536x1152.jpg 1536w, https:\/\/freierwohnraum.de\/vermietung\/wp-content\/uploads\/Bedburdyck-Wohnung-Kueche-01.jpg 1600w\" sizes=\"auto, (max-width: 1024px) 100vw, 1024px\" \/><\/figure>\n\n\n\n<figure class=\"wp-block-image size-large\"><img loading=\"lazy\" decoding=\"async\" width=\"768\" height=\"1024\" data-id=\"216\" src=\"https:\/\/freierwohnraum.de\/vermietung\/wp-content\/uploads\/Bedburdyck-Wohnung-Essecke-01-768x1024.jpg\" alt=\"\" class=\"wp-image-216\" srcset=\"https:\/\/freierwohnraum.de\/vermietung\/wp-content\/uploads\/Bedburdyck-Wohnung-Essecke-01-768x1024.jpg 768w, https:\/\/freierwohnraum.de\/vermietung\/wp-content\/uploads\/Bedburdyck-Wohnung-Essecke-01-225x300.jpg 225w, https:\/\/freierwohnraum.de\/vermietung\/wp-content\/uploads\/Bedburdyck-Wohnung-Essecke-01-1152x1536.jpg 1152w, https:\/\/freierwohnraum.de\/vermietung\/wp-content\/uploads\/Bedburdyck-Wohnung-Essecke-01.jpg 1200w\" sizes=\"auto, (max-width: 768px) 100vw, 768px\" \/><\/figure>\n\n\n\n<figure class=\"wp-block-image size-large\"><img loading=\"lazy\" decoding=\"async\" width=\"768\" height=\"1024\" data-id=\"214\" src=\"https:\/\/freierwohnraum.de\/vermietung\/wp-content\/uploads\/Bedburdyck-Wohnung-Doppelzimmer-03-768x1024.jpg\" alt=\"\" class=\"wp-image-214\" srcset=\"https:\/\/freierwohnraum.de\/vermietung\/wp-content\/uploads\/Bedburdyck-Wohnung-Doppelzimmer-03-768x1024.jpg 768w, https:\/\/freierwohnraum.de\/vermietung\/wp-content\/uploads\/Bedburdyck-Wohnung-Doppelzimmer-03-225x300.jpg 225w, https:\/\/freierwohnraum.de\/vermietung\/wp-content\/uploads\/Bedburdyck-Wohnung-Doppelzimmer-03-1152x1536.jpg 1152w, https:\/\/freierwohnraum.de\/vermietung\/wp-content\/uploads\/Bedburdyck-Wohnung-Doppelzimmer-03.jpg 1200w\" sizes=\"auto, (max-width: 768px) 100vw, 768px\" \/><\/figure>\n\n\n\n<figure class=\"wp-block-image size-large\"><img loading=\"lazy\" decoding=\"async\" width=\"768\" height=\"1024\" data-id=\"213\" src=\"https:\/\/freierwohnraum.de\/vermietung\/wp-content\/uploads\/Bedburdyck-Wohnung-Doppelzimmer-02-768x1024.jpg\" alt=\"\" class=\"wp-image-213\" srcset=\"https:\/\/freierwohnraum.de\/vermietung\/wp-content\/uploads\/Bedburdyck-Wohnung-Doppelzimmer-02-768x1024.jpg 768w, https:\/\/freierwohnraum.de\/vermietung\/wp-content\/uploads\/Bedburdyck-Wohnung-Doppelzimmer-02-225x300.jpg 225w, https:\/\/freierwohnraum.de\/vermietung\/wp-content\/uploads\/Bedburdyck-Wohnung-Doppelzimmer-02-1152x1536.jpg 1152w, https:\/\/freierwohnraum.de\/vermietung\/wp-content\/uploads\/Bedburdyck-Wohnung-Doppelzimmer-02.jpg 1200w\" sizes=\"auto, (max-width: 768px) 100vw, 768px\" \/><\/figure>\n\n\n\n<figure class=\"wp-block-image size-large\"><img loading=\"lazy\" decoding=\"async\" width=\"768\" height=\"1024\" data-id=\"212\" src=\"https:\/\/freierwohnraum.de\/vermietung\/wp-content\/uploads\/Bedburdyck-Wohnung-Doppelzimmer-01-768x1024.jpg\" alt=\"\" class=\"wp-image-212\" srcset=\"https:\/\/freierwohnraum.de\/vermietung\/wp-content\/uploads\/Bedburdyck-Wohnung-Doppelzimmer-01-768x1024.jpg 768w, https:\/\/freierwohnraum.de\/vermietung\/wp-content\/uploads\/Bedburdyck-Wohnung-Doppelzimmer-01-225x300.jpg 225w, https:\/\/freierwohnraum.de\/vermietung\/wp-content\/uploads\/Bedburdyck-Wohnung-Doppelzimmer-01-1152x1536.jpg 1152w, https:\/\/freierwohnraum.de\/vermietung\/wp-content\/uploads\/Bedburdyck-Wohnung-Doppelzimmer-01.jpg 1200w\" sizes=\"auto, (max-width: 768px) 100vw, 768px\" \/><\/figure>\n\n\n\n<figure class=\"wp-block-image size-large\"><img loading=\"lazy\" decoding=\"async\" width=\"768\" height=\"1024\" data-id=\"211\" src=\"https:\/\/freierwohnraum.de\/vermietung\/wp-content\/uploads\/Bedburdyck-Wohnung-Bad-01-768x1024.jpg\" alt=\"\" class=\"wp-image-211\" srcset=\"https:\/\/freierwohnraum.de\/vermietung\/wp-content\/uploads\/Bedburdyck-Wohnung-Bad-01-768x1024.jpg 768w, https:\/\/freierwohnraum.de\/vermietung\/wp-content\/uploads\/Bedburdyck-Wohnung-Bad-01-225x300.jpg 225w, https:\/\/freierwohnraum.de\/vermietung\/wp-content\/uploads\/Bedburdyck-Wohnung-Bad-01-1152x1536.jpg 1152w, https:\/\/freierwohnraum.de\/vermietung\/wp-content\/uploads\/Bedburdyck-Wohnung-Bad-01.jpg 1200w\" sizes=\"auto, (max-width: 768px) 100vw, 768px\" \/><\/figure>\n<\/figure>\n","protected":false},"excerpt":{"rendered":"<p>Ich vermiete in J\u00fcchen-Bedburdyck eine voll&nbsp; m\u00f6blierte Wohnung. Ausstattung Die M\u00f6glichkeit die W\u00e4sche zu waschen und zu trocknen ist vorhanden. Alle Zimmer verf\u00fcgen \u00fcber einen Fernseher sowie kabellosen Internetzugang (WLAN). Die gesamte Wohnung ist eine rauchfreie Wohnung. Entfernungen Bis zur Autobahn (A46) sind es 3 Minuten.Industriegebiet J\u00fcchen (3M, POLO usw. ca. 3 km)Die Messe in [&hellip;]<\/p>\n","protected":false},"author":2,"featured_media":0,"parent":20,"menu_order":0,"comment_status":"closed","ping_status":"closed","template":"","meta":{"footnotes":""},"class_list":["post-194","page","type-page","status-publish","hentry"],"_links":{"self":[{"href":"https:\/\/freierwohnraum.de\/vermietung\/wp-json\/wp\/v2\/pages\/194","targetHints":{"allow":["GET"]}}],"collection":[{"href":"https:\/\/freierwohnraum.de\/vermietung\/wp-json\/wp\/v2\/pages"}],"about":[{"href":"https:\/\/freierwohnraum.de\/vermietung\/wp-json\/wp\/v2\/types\/page"}],"author":[{"embeddable":true,"href":"https:\/\/freierwohnraum.de\/vermietung\/wp-json\/wp\/v2\/users\/2"}],"replies":[{"embeddable":true,"href":"https:\/\/freierwohnraum.de\/vermietung\/wp-json\/wp\/v2\/comments?post=194"}],"version-history":[{"count":6,"href":"https:\/\/freierwohnraum.de\/vermietung\/wp-json\/wp\/v2\/pages\/194\/revisions"}],"predecessor-version":[{"id":419,"href":"https:\/\/freierwohnraum.de\/vermietung\/wp-json\/wp\/v2\/pages\/194\/revisions\/419"}],"up":[{"embeddable":true,"href":"https:\/\/freierwohnraum.de\/vermietung\/wp-json\/wp\/v2\/pages\/20"}],"wp:attachment":[{"href":"https:\/\/freierwohnraum.de\/vermietung\/wp-json\/wp\/v2\/media?parent=194"}],"curies":[{"name":"wp","href":"https:\/\/api.w.org\/{rel}","templated":true}]}}